{"id":44,"date":"2019-08-13T13:37:04","date_gmt":"2019-08-13T17:37:04","guid":{"rendered":"https:\/\/eventosaudiovisuales.cl\/?post_type=product&#038;p=44"},"modified":"2025-04-29T13:26:51","modified_gmt":"2025-04-29T17:26:51","slug":"servicio-de-amplificacion-para-50-personas","status":"publish","type":"product","link":"https:\/\/eventosaudiovisuales.cl\/index.php\/producto\/servicio-de-amplificacion-para-50-personas\/","title":{"rendered":"Amplificaci\u00f3n para 50 personas"},"content":{"rendered":"<body><p>2 Parlantes Activos con su Atril<br>\n1 Micr\u00f3fono Est\u00e1ndar<br>\n1 Atril de Micr\u00f3fono<br>\n1 Consola de Audio 4 Canales<br>\nIdeal para Talleres \/ Conferencias<\/p>\n<p><strong><span style=\"color: #ff0000;\">**IM\u00c1GENES REFERENCIALES**<\/span><\/strong><\/p>\n<\/body>","protected":false},"excerpt":{"rendered":"<p>2 Parlantes Activos con su Atril 1 Micr\u00f3fono Est\u00e1ndar 1 Atril de Micr\u00f3fono 1 Consola de Audio 4 Canales Ideal para Talleres \/ Conferencias **IM\u00c1GENES REFERENCIALES**<\/p>\n","protected":false},"featured_media":47,"template":"","meta":{"om_disable_all_campaigns":false,"_monsterinsights_skip_tracking":false,"_monsterinsights_sitenote_active":false,"_monsterinsights_sitenote_note":"","_monsterinsights_sitenote_category":0,"_joinchat":[]},"product_brand":[],"product_cat":[19],"product_tag":[22,23,24,21,20],"class_list":{"0":"post-44","1":"product","2":"type-product","3":"status-publish","4":"has-post-thumbnail","6":"product_cat-audio-profesional","7":"product_tag-amplificacion","8":"product_tag-audio","9":"product_tag-microfono","10":"product_tag-parlante","11":"product_tag-sonido","13":"first","14":"instock","15":"taxable","16":"shipping-taxable","17":"purchasable","18":"product-type-simple"},"yoast_head":"<!-- This site is optimized with the Yoast SEO plugin v27.4 - https:\/\/yoast.com\/product\/yoast-seo-wordpress\/ -->\n<title>Amplificaci\u00f3n para 50 personas - Eventos Audiovisuales<\/title>\n<meta name=\"robots\" content=\"index, follow, max-snippet:-1, max-image-preview:large, max-video-preview:-1\" \/>\n<link rel=\"canonical\" href=\"https:\/\/eventosaudiovisuales.cl\/index.php\/producto\/servicio-de-amplificacion-para-50-personas\/\" \/>\n<meta property=\"og:locale\" content=\"es_ES\" \/>\n<meta property=\"og:type\" content=\"article\" \/>\n<meta property=\"og:title\" content=\"Amplificaci\u00f3n para 50 personas - Eventos Audiovisuales\" \/>\n<meta property=\"og:description\" content=\"2 Parlantes Activos con su Atril 1 Micr\u00f3fono Est\u00e1ndar 1 Atril de Micr\u00f3fono 1 Consola de Audio 4 Canales Ideal para Talleres \/ Conferencias **IM\u00c1GENES REFERENCIALES**\" \/>\n<meta property=\"og:url\" content=\"https:\/\/eventosaudiovisuales.cl\/index.php\/producto\/servicio-de-amplificacion-para-50-personas\/\" \/>\n<meta property=\"og:site_name\" content=\"Eventos Audiovisuales\" \/>\n<meta property=\"article:modified_time\" content=\"2025-04-29T17:26:51+00:00\" \/>\n<meta property=\"og:image\" content=\"https:\/\/eventosaudiovisuales.cl\/wp-content\/uploads\/2019\/08\/sonido-1-1.jpg\" \/>\n\t<meta property=\"og:image:width\" content=\"400\" \/>\n\t<meta property=\"og:image:height\" content=\"400\" \/>\n\t<meta property=\"og:image:type\" content=\"image\/jpeg\" \/>\n<meta name=\"twitter:card\" content=\"summary_large_image\" \/>\n<meta name=\"twitter:label1\" content=\"Tiempo estimado de lectura\" \/>\n\t<meta name=\"twitter:data1\" content=\"1 minuto\" \/>\n<script type=\"application\/ld+json\" class=\"yoast-schema-graph\">{\"@context\":\"https:\\\/\\\/schema.org\",\"@graph\":[{\"@type\":\"WebPage\",\"@id\":\"https:\\\/\\\/eventosaudiovisuales.cl\\\/index.php\\\/producto\\\/servicio-de-amplificacion-para-50-personas\\\/\",\"url\":\"https:\\\/\\\/eventosaudiovisuales.cl\\\/index.php\\\/producto\\\/servicio-de-amplificacion-para-50-personas\\\/\",\"name\":\"Amplificaci\u00f3n para 50 personas - Eventos Audiovisuales\",\"isPartOf\":{\"@id\":\"https:\\\/\\\/eventosaudiovisuales.cl\\\/#website\"},\"primaryImageOfPage\":{\"@id\":\"https:\\\/\\\/eventosaudiovisuales.cl\\\/index.php\\\/producto\\\/servicio-de-amplificacion-para-50-personas\\\/#primaryimage\"},\"image\":{\"@id\":\"https:\\\/\\\/eventosaudiovisuales.cl\\\/index.php\\\/producto\\\/servicio-de-amplificacion-para-50-personas\\\/#primaryimage\"},\"thumbnailUrl\":\"https:\\\/\\\/eventosaudiovisuales.cl\\\/wp-content\\\/uploads\\\/2019\\\/08\\\/sonido-1-1.jpg\",\"datePublished\":\"2019-08-13T17:37:04+00:00\",\"dateModified\":\"2025-04-29T17:26:51+00:00\",\"breadcrumb\":{\"@id\":\"https:\\\/\\\/eventosaudiovisuales.cl\\\/index.php\\\/producto\\\/servicio-de-amplificacion-para-50-personas\\\/#breadcrumb\"},\"inLanguage\":\"es-CL\",\"potentialAction\":[{\"@type\":\"ReadAction\",\"target\":[\"https:\\\/\\\/eventosaudiovisuales.cl\\\/index.php\\\/producto\\\/servicio-de-amplificacion-para-50-personas\\\/\"]}]},{\"@type\":\"ImageObject\",\"inLanguage\":\"es-CL\",\"@id\":\"https:\\\/\\\/eventosaudiovisuales.cl\\\/index.php\\\/producto\\\/servicio-de-amplificacion-para-50-personas\\\/#primaryimage\",\"url\":\"https:\\\/\\\/eventosaudiovisuales.cl\\\/wp-content\\\/uploads\\\/2019\\\/08\\\/sonido-1-1.jpg\",\"contentUrl\":\"https:\\\/\\\/eventosaudiovisuales.cl\\\/wp-content\\\/uploads\\\/2019\\\/08\\\/sonido-1-1.jpg\",\"width\":400,\"height\":400},{\"@type\":\"BreadcrumbList\",\"@id\":\"https:\\\/\\\/eventosaudiovisuales.cl\\\/index.php\\\/producto\\\/servicio-de-amplificacion-para-50-personas\\\/#breadcrumb\",\"itemListElement\":[{\"@type\":\"ListItem\",\"position\":1,\"name\":\"Portada\",\"item\":\"https:\\\/\\\/eventosaudiovisuales.cl\\\/\"},{\"@type\":\"ListItem\",\"position\":2,\"name\":\"Tienda\",\"item\":\"https:\\\/\\\/eventosaudiovisuales.cl\\\/index.php\\\/tienda\\\/\"},{\"@type\":\"ListItem\",\"position\":3,\"name\":\"Amplificaci\u00f3n para 50 personas\"}]},{\"@type\":\"WebSite\",\"@id\":\"https:\\\/\\\/eventosaudiovisuales.cl\\\/#website\",\"url\":\"https:\\\/\\\/eventosaudiovisuales.cl\\\/\",\"name\":\"Eventos Audiovisuales\",\"description\":\"\",\"publisher\":{\"@id\":\"https:\\\/\\\/eventosaudiovisuales.cl\\\/#organization\"},\"potentialAction\":[{\"@type\":\"SearchAction\",\"target\":{\"@type\":\"EntryPoint\",\"urlTemplate\":\"https:\\\/\\\/eventosaudiovisuales.cl\\\/?s={search_term_string}\"},\"query-input\":{\"@type\":\"PropertyValueSpecification\",\"valueRequired\":true,\"valueName\":\"search_term_string\"}}],\"inLanguage\":\"es-CL\"},{\"@type\":\"Organization\",\"@id\":\"https:\\\/\\\/eventosaudiovisuales.cl\\\/#organization\",\"name\":\"Eventos Audiovisuales\",\"url\":\"https:\\\/\\\/eventosaudiovisuales.cl\\\/\",\"logo\":{\"@type\":\"ImageObject\",\"inLanguage\":\"es-CL\",\"@id\":\"https:\\\/\\\/eventosaudiovisuales.cl\\\/#\\\/schema\\\/logo\\\/image\\\/\",\"url\":\"https:\\\/\\\/eventosaudiovisuales.cl\\\/wp-content\\\/uploads\\\/2019\\\/08\\\/cropped-logonuevo.png\",\"contentUrl\":\"https:\\\/\\\/eventosaudiovisuales.cl\\\/wp-content\\\/uploads\\\/2019\\\/08\\\/cropped-logonuevo.png\",\"width\":426,\"height\":300,\"caption\":\"Eventos Audiovisuales\"},\"image\":{\"@id\":\"https:\\\/\\\/eventosaudiovisuales.cl\\\/#\\\/schema\\\/logo\\\/image\\\/\"}}]}<\/script>\n<!-- \/ Yoast SEO plugin. -->","yoast_head_json":{"title":"Amplificaci\u00f3n para 50 personas - Eventos Audiovisuales","robots":{"index":"index","follow":"follow","max-snippet":"max-snippet:-1","max-image-preview":"max-image-preview:large","max-video-preview":"max-video-preview:-1"},"canonical":"https:\/\/eventosaudiovisuales.cl\/index.php\/producto\/servicio-de-amplificacion-para-50-personas\/","og_locale":"es_ES","og_type":"article","og_title":"Amplificaci\u00f3n para 50 personas - Eventos Audiovisuales","og_description":"2 Parlantes Activos con su Atril 1 Micr\u00f3fono Est\u00e1ndar 1 Atril de Micr\u00f3fono 1 Consola de Audio 4 Canales Ideal para Talleres \/ Conferencias **IM\u00c1GENES REFERENCIALES**","og_url":"https:\/\/eventosaudiovisuales.cl\/index.php\/producto\/servicio-de-amplificacion-para-50-personas\/","og_site_name":"Eventos Audiovisuales","article_modified_time":"2025-04-29T17:26:51+00:00","og_image":[{"width":400,"height":400,"url":"https:\/\/eventosaudiovisuales.cl\/wp-content\/uploads\/2019\/08\/sonido-1-1.jpg","type":"image\/jpeg"}],"twitter_card":"summary_large_image","twitter_misc":{"Tiempo estimado de lectura":"1 minuto"},"schema":{"@context":"https:\/\/schema.org","@graph":[{"@type":"WebPage","@id":"https:\/\/eventosaudiovisuales.cl\/index.php\/producto\/servicio-de-amplificacion-para-50-personas\/","url":"https:\/\/eventosaudiovisuales.cl\/index.php\/producto\/servicio-de-amplificacion-para-50-personas\/","name":"Amplificaci\u00f3n para 50 personas - Eventos Audiovisuales","isPartOf":{"@id":"https:\/\/eventosaudiovisuales.cl\/#website"},"primaryImageOfPage":{"@id":"https:\/\/eventosaudiovisuales.cl\/index.php\/producto\/servicio-de-amplificacion-para-50-personas\/#primaryimage"},"image":{"@id":"https:\/\/eventosaudiovisuales.cl\/index.php\/producto\/servicio-de-amplificacion-para-50-personas\/#primaryimage"},"thumbnailUrl":"https:\/\/eventosaudiovisuales.cl\/wp-content\/uploads\/2019\/08\/sonido-1-1.jpg","datePublished":"2019-08-13T17:37:04+00:00","dateModified":"2025-04-29T17:26:51+00:00","breadcrumb":{"@id":"https:\/\/eventosaudiovisuales.cl\/index.php\/producto\/servicio-de-amplificacion-para-50-personas\/#breadcrumb"},"inLanguage":"es-CL","potentialAction":[{"@type":"ReadAction","target":["https:\/\/eventosaudiovisuales.cl\/index.php\/producto\/servicio-de-amplificacion-para-50-personas\/"]}]},{"@type":"ImageObject","inLanguage":"es-CL","@id":"https:\/\/eventosaudiovisuales.cl\/index.php\/producto\/servicio-de-amplificacion-para-50-personas\/#primaryimage","url":"https:\/\/eventosaudiovisuales.cl\/wp-content\/uploads\/2019\/08\/sonido-1-1.jpg","contentUrl":"https:\/\/eventosaudiovisuales.cl\/wp-content\/uploads\/2019\/08\/sonido-1-1.jpg","width":400,"height":400},{"@type":"BreadcrumbList","@id":"https:\/\/eventosaudiovisuales.cl\/index.php\/producto\/servicio-de-amplificacion-para-50-personas\/#breadcrumb","itemListElement":[{"@type":"ListItem","position":1,"name":"Portada","item":"https:\/\/eventosaudiovisuales.cl\/"},{"@type":"ListItem","position":2,"name":"Tienda","item":"https:\/\/eventosaudiovisuales.cl\/index.php\/tienda\/"},{"@type":"ListItem","position":3,"name":"Amplificaci\u00f3n para 50 personas"}]},{"@type":"WebSite","@id":"https:\/\/eventosaudiovisuales.cl\/#website","url":"https:\/\/eventosaudiovisuales.cl\/","name":"Eventos Audiovisuales","description":"","publisher":{"@id":"https:\/\/eventosaudiovisuales.cl\/#organization"},"potentialAction":[{"@type":"SearchAction","target":{"@type":"EntryPoint","urlTemplate":"https:\/\/eventosaudiovisuales.cl\/?s={search_term_string}"},"query-input":{"@type":"PropertyValueSpecification","valueRequired":true,"valueName":"search_term_string"}}],"inLanguage":"es-CL"},{"@type":"Organization","@id":"https:\/\/eventosaudiovisuales.cl\/#organization","name":"Eventos Audiovisuales","url":"https:\/\/eventosaudiovisuales.cl\/","logo":{"@type":"ImageObject","inLanguage":"es-CL","@id":"https:\/\/eventosaudiovisuales.cl\/#\/schema\/logo\/image\/","url":"https:\/\/eventosaudiovisuales.cl\/wp-content\/uploads\/2019\/08\/cropped-logonuevo.png","contentUrl":"https:\/\/eventosaudiovisuales.cl\/wp-content\/uploads\/2019\/08\/cropped-logonuevo.png","width":426,"height":300,"caption":"Eventos Audiovisuales"},"image":{"@id":"https:\/\/eventosaudiovisuales.cl\/#\/schema\/logo\/image\/"}}]}},"_links":{"self":[{"href":"https:\/\/eventosaudiovisuales.cl\/index.php\/wp-json\/wp\/v2\/product\/44","targetHints":{"allow":["GET"]}}],"collection":[{"href":"https:\/\/eventosaudiovisuales.cl\/index.php\/wp-json\/wp\/v2\/product"}],"about":[{"href":"https:\/\/eventosaudiovisuales.cl\/index.php\/wp-json\/wp\/v2\/types\/product"}],"version-history":[{"count":3,"href":"https:\/\/eventosaudiovisuales.cl\/index.php\/wp-json\/wp\/v2\/product\/44\/revisions"}],"predecessor-version":[{"id":2985,"href":"https:\/\/eventosaudiovisuales.cl\/index.php\/wp-json\/wp\/v2\/product\/44\/revisions\/2985"}],"wp:featuredmedia":[{"embeddable":true,"href":"https:\/\/eventosaudiovisuales.cl\/index.php\/wp-json\/wp\/v2\/media\/47"}],"wp:attachment":[{"href":"https:\/\/eventosaudiovisuales.cl\/index.php\/wp-json\/wp\/v2\/media?parent=44"}],"wp:term":[{"taxonomy":"product_brand","embeddable":true,"href":"https:\/\/eventosaudiovisuales.cl\/index.php\/wp-json\/wp\/v2\/product_brand?post=44"},{"taxonomy":"product_cat","embeddable":true,"href":"https:\/\/eventosaudiovisuales.cl\/index.php\/wp-json\/wp\/v2\/product_cat?post=44"},{"taxonomy":"product_tag","embeddable":true,"href":"https:\/\/eventosaudiovisuales.cl\/index.php\/wp-json\/wp\/v2\/product_tag?post=44"}],"curies":[{"name":"wp","href":"https:\/\/api.w.org\/{rel}","templated":true}]}}