{"id":358,"date":"2019-08-30T14:03:51","date_gmt":"2019-08-30T18:03:51","guid":{"rendered":"https:\/\/eventosaudiovisuales.cl\/?post_type=product&#038;p=358"},"modified":"2025-04-29T12:57:34","modified_gmt":"2025-04-29T16:57:34","slug":"microfono-vocal-de-cable","status":"publish","type":"product","link":"https:\/\/eventosaudiovisuales.cl\/index.php\/producto\/microfono-vocal-de-cable\/","title":{"rendered":"Micr\u00f3fono Vocal de Cable"},"content":{"rendered":"<body><p>Micr\u00f3fono Est\u00e1ndar de Cable en Arriendo<br>\nIdeal para voces<br>\nIncluye Cable XLR<\/p>\n<p><strong><span style=\"color: red;\">**Imagenes Referenciales**<\/span><\/strong><\/p>\n<\/body>","protected":false},"excerpt":{"rendered":"<p>Micr\u00f3fono Est\u00e1ndar de Cable en Arriendo Ideal para voces Incluye Cable XLR **Imagenes Referenciales**<\/p>\n","protected":false},"featured_media":361,"template":"","meta":{"om_disable_all_campaigns":false,"_monsterinsights_skip_tracking":false,"_monsterinsights_sitenote_active":false,"_monsterinsights_sitenote_note":"","_monsterinsights_sitenote_category":0,"_joinchat":[]},"product_brand":[],"product_cat":[19],"product_tag":[68,70,24,67,69],"class_list":{"0":"post-358","1":"product","2":"type-product","3":"status-publish","4":"has-post-thumbnail","6":"product_cat-audio-profesional","7":"product_tag-cable","8":"product_tag-microfonia","9":"product_tag-microfono","10":"product_tag-vocal","11":"product_tag-xlr","13":"first","14":"instock","15":"virtual","16":"taxable","17":"purchasable","18":"product-type-simple"},"yoast_head":"<!-- This site is optimized with the Yoast SEO plugin v27.4 - https:\/\/yoast.com\/product\/yoast-seo-wordpress\/ -->\n<title>Micr\u00f3fono Vocal de Cable - Eventos Audiovisuales<\/title>\n<meta name=\"robots\" content=\"index, follow, max-snippet:-1, max-image-preview:large, max-video-preview:-1\" \/>\n<link rel=\"canonical\" href=\"https:\/\/eventosaudiovisuales.cl\/index.php\/producto\/microfono-vocal-de-cable\/\" \/>\n<meta property=\"og:locale\" content=\"es_ES\" \/>\n<meta property=\"og:type\" content=\"article\" \/>\n<meta property=\"og:title\" content=\"Micr\u00f3fono Vocal de Cable - Eventos Audiovisuales\" \/>\n<meta property=\"og:description\" content=\"Micr\u00f3fono Est\u00e1ndar de Cable en Arriendo Ideal para voces Incluye Cable XLR **Imagenes Referenciales**\" \/>\n<meta property=\"og:url\" content=\"https:\/\/eventosaudiovisuales.cl\/index.php\/producto\/microfono-vocal-de-cable\/\" \/>\n<meta property=\"og:site_name\" content=\"Eventos Audiovisuales\" \/>\n<meta property=\"article:modified_time\" content=\"2025-04-29T16:57:34+00:00\" \/>\n<meta property=\"og:image\" content=\"https:\/\/eventosaudiovisuales.cl\/wp-content\/uploads\/2019\/08\/mic_cable.jpg\" \/>\n\t<meta property=\"og:image:width\" content=\"400\" \/>\n\t<meta property=\"og:image:height\" content=\"400\" \/>\n\t<meta property=\"og:image:type\" content=\"image\/jpeg\" \/>\n<meta name=\"twitter:card\" content=\"summary_large_image\" \/>\n<meta name=\"twitter:label1\" content=\"Tiempo estimado de lectura\" \/>\n\t<meta name=\"twitter:data1\" content=\"1 minuto\" \/>\n<script type=\"application\/ld+json\" class=\"yoast-schema-graph\">{\"@context\":\"https:\\\/\\\/schema.org\",\"@graph\":[{\"@type\":\"WebPage\",\"@id\":\"https:\\\/\\\/eventosaudiovisuales.cl\\\/index.php\\\/producto\\\/microfono-vocal-de-cable\\\/\",\"url\":\"https:\\\/\\\/eventosaudiovisuales.cl\\\/index.php\\\/producto\\\/microfono-vocal-de-cable\\\/\",\"name\":\"Micr\u00f3fono Vocal de Cable - Eventos Audiovisuales\",\"isPartOf\":{\"@id\":\"https:\\\/\\\/eventosaudiovisuales.cl\\\/#website\"},\"primaryImageOfPage\":{\"@id\":\"https:\\\/\\\/eventosaudiovisuales.cl\\\/index.php\\\/producto\\\/microfono-vocal-de-cable\\\/#primaryimage\"},\"image\":{\"@id\":\"https:\\\/\\\/eventosaudiovisuales.cl\\\/index.php\\\/producto\\\/microfono-vocal-de-cable\\\/#primaryimage\"},\"thumbnailUrl\":\"https:\\\/\\\/eventosaudiovisuales.cl\\\/wp-content\\\/uploads\\\/2019\\\/08\\\/mic_cable.jpg\",\"datePublished\":\"2019-08-30T18:03:51+00:00\",\"dateModified\":\"2025-04-29T16:57:34+00:00\",\"breadcrumb\":{\"@id\":\"https:\\\/\\\/eventosaudiovisuales.cl\\\/index.php\\\/producto\\\/microfono-vocal-de-cable\\\/#breadcrumb\"},\"inLanguage\":\"es-CL\",\"potentialAction\":[{\"@type\":\"ReadAction\",\"target\":[\"https:\\\/\\\/eventosaudiovisuales.cl\\\/index.php\\\/producto\\\/microfono-vocal-de-cable\\\/\"]}]},{\"@type\":\"ImageObject\",\"inLanguage\":\"es-CL\",\"@id\":\"https:\\\/\\\/eventosaudiovisuales.cl\\\/index.php\\\/producto\\\/microfono-vocal-de-cable\\\/#primaryimage\",\"url\":\"https:\\\/\\\/eventosaudiovisuales.cl\\\/wp-content\\\/uploads\\\/2019\\\/08\\\/mic_cable.jpg\",\"contentUrl\":\"https:\\\/\\\/eventosaudiovisuales.cl\\\/wp-content\\\/uploads\\\/2019\\\/08\\\/mic_cable.jpg\",\"width\":400,\"height\":400},{\"@type\":\"BreadcrumbList\",\"@id\":\"https:\\\/\\\/eventosaudiovisuales.cl\\\/index.php\\\/producto\\\/microfono-vocal-de-cable\\\/#breadcrumb\",\"itemListElement\":[{\"@type\":\"ListItem\",\"position\":1,\"name\":\"Portada\",\"item\":\"https:\\\/\\\/eventosaudiovisuales.cl\\\/\"},{\"@type\":\"ListItem\",\"position\":2,\"name\":\"Tienda\",\"item\":\"https:\\\/\\\/eventosaudiovisuales.cl\\\/index.php\\\/tienda\\\/\"},{\"@type\":\"ListItem\",\"position\":3,\"name\":\"Micr\u00f3fono Vocal de Cable\"}]},{\"@type\":\"WebSite\",\"@id\":\"https:\\\/\\\/eventosaudiovisuales.cl\\\/#website\",\"url\":\"https:\\\/\\\/eventosaudiovisuales.cl\\\/\",\"name\":\"Eventos Audiovisuales\",\"description\":\"\",\"publisher\":{\"@id\":\"https:\\\/\\\/eventosaudiovisuales.cl\\\/#organization\"},\"potentialAction\":[{\"@type\":\"SearchAction\",\"target\":{\"@type\":\"EntryPoint\",\"urlTemplate\":\"https:\\\/\\\/eventosaudiovisuales.cl\\\/?s={search_term_string}\"},\"query-input\":{\"@type\":\"PropertyValueSpecification\",\"valueRequired\":true,\"valueName\":\"search_term_string\"}}],\"inLanguage\":\"es-CL\"},{\"@type\":\"Organization\",\"@id\":\"https:\\\/\\\/eventosaudiovisuales.cl\\\/#organization\",\"name\":\"Eventos Audiovisuales\",\"url\":\"https:\\\/\\\/eventosaudiovisuales.cl\\\/\",\"logo\":{\"@type\":\"ImageObject\",\"inLanguage\":\"es-CL\",\"@id\":\"https:\\\/\\\/eventosaudiovisuales.cl\\\/#\\\/schema\\\/logo\\\/image\\\/\",\"url\":\"https:\\\/\\\/eventosaudiovisuales.cl\\\/wp-content\\\/uploads\\\/2019\\\/08\\\/cropped-logonuevo.png\",\"contentUrl\":\"https:\\\/\\\/eventosaudiovisuales.cl\\\/wp-content\\\/uploads\\\/2019\\\/08\\\/cropped-logonuevo.png\",\"width\":426,\"height\":300,\"caption\":\"Eventos Audiovisuales\"},\"image\":{\"@id\":\"https:\\\/\\\/eventosaudiovisuales.cl\\\/#\\\/schema\\\/logo\\\/image\\\/\"}}]}<\/script>\n<!-- \/ Yoast SEO plugin. -->","yoast_head_json":{"title":"Micr\u00f3fono Vocal de Cable - Eventos Audiovisuales","robots":{"index":"index","follow":"follow","max-snippet":"max-snippet:-1","max-image-preview":"max-image-preview:large","max-video-preview":"max-video-preview:-1"},"canonical":"https:\/\/eventosaudiovisuales.cl\/index.php\/producto\/microfono-vocal-de-cable\/","og_locale":"es_ES","og_type":"article","og_title":"Micr\u00f3fono Vocal de Cable - Eventos Audiovisuales","og_description":"Micr\u00f3fono Est\u00e1ndar de Cable en Arriendo Ideal para voces Incluye Cable XLR **Imagenes Referenciales**","og_url":"https:\/\/eventosaudiovisuales.cl\/index.php\/producto\/microfono-vocal-de-cable\/","og_site_name":"Eventos Audiovisuales","article_modified_time":"2025-04-29T16:57:34+00:00","og_image":[{"width":400,"height":400,"url":"https:\/\/eventosaudiovisuales.cl\/wp-content\/uploads\/2019\/08\/mic_cable.jpg","type":"image\/jpeg"}],"twitter_card":"summary_large_image","twitter_misc":{"Tiempo estimado de lectura":"1 minuto"},"schema":{"@context":"https:\/\/schema.org","@graph":[{"@type":"WebPage","@id":"https:\/\/eventosaudiovisuales.cl\/index.php\/producto\/microfono-vocal-de-cable\/","url":"https:\/\/eventosaudiovisuales.cl\/index.php\/producto\/microfono-vocal-de-cable\/","name":"Micr\u00f3fono Vocal de Cable - Eventos Audiovisuales","isPartOf":{"@id":"https:\/\/eventosaudiovisuales.cl\/#website"},"primaryImageOfPage":{"@id":"https:\/\/eventosaudiovisuales.cl\/index.php\/producto\/microfono-vocal-de-cable\/#primaryimage"},"image":{"@id":"https:\/\/eventosaudiovisuales.cl\/index.php\/producto\/microfono-vocal-de-cable\/#primaryimage"},"thumbnailUrl":"https:\/\/eventosaudiovisuales.cl\/wp-content\/uploads\/2019\/08\/mic_cable.jpg","datePublished":"2019-08-30T18:03:51+00:00","dateModified":"2025-04-29T16:57:34+00:00","breadcrumb":{"@id":"https:\/\/eventosaudiovisuales.cl\/index.php\/producto\/microfono-vocal-de-cable\/#breadcrumb"},"inLanguage":"es-CL","potentialAction":[{"@type":"ReadAction","target":["https:\/\/eventosaudiovisuales.cl\/index.php\/producto\/microfono-vocal-de-cable\/"]}]},{"@type":"ImageObject","inLanguage":"es-CL","@id":"https:\/\/eventosaudiovisuales.cl\/index.php\/producto\/microfono-vocal-de-cable\/#primaryimage","url":"https:\/\/eventosaudiovisuales.cl\/wp-content\/uploads\/2019\/08\/mic_cable.jpg","contentUrl":"https:\/\/eventosaudiovisuales.cl\/wp-content\/uploads\/2019\/08\/mic_cable.jpg","width":400,"height":400},{"@type":"BreadcrumbList","@id":"https:\/\/eventosaudiovisuales.cl\/index.php\/producto\/microfono-vocal-de-cable\/#breadcrumb","itemListElement":[{"@type":"ListItem","position":1,"name":"Portada","item":"https:\/\/eventosaudiovisuales.cl\/"},{"@type":"ListItem","position":2,"name":"Tienda","item":"https:\/\/eventosaudiovisuales.cl\/index.php\/tienda\/"},{"@type":"ListItem","position":3,"name":"Micr\u00f3fono Vocal de Cable"}]},{"@type":"WebSite","@id":"https:\/\/eventosaudiovisuales.cl\/#website","url":"https:\/\/eventosaudiovisuales.cl\/","name":"Eventos Audiovisuales","description":"","publisher":{"@id":"https:\/\/eventosaudiovisuales.cl\/#organization"},"potentialAction":[{"@type":"SearchAction","target":{"@type":"EntryPoint","urlTemplate":"https:\/\/eventosaudiovisuales.cl\/?s={search_term_string}"},"query-input":{"@type":"PropertyValueSpecification","valueRequired":true,"valueName":"search_term_string"}}],"inLanguage":"es-CL"},{"@type":"Organization","@id":"https:\/\/eventosaudiovisuales.cl\/#organization","name":"Eventos Audiovisuales","url":"https:\/\/eventosaudiovisuales.cl\/","logo":{"@type":"ImageObject","inLanguage":"es-CL","@id":"https:\/\/eventosaudiovisuales.cl\/#\/schema\/logo\/image\/","url":"https:\/\/eventosaudiovisuales.cl\/wp-content\/uploads\/2019\/08\/cropped-logonuevo.png","contentUrl":"https:\/\/eventosaudiovisuales.cl\/wp-content\/uploads\/2019\/08\/cropped-logonuevo.png","width":426,"height":300,"caption":"Eventos Audiovisuales"},"image":{"@id":"https:\/\/eventosaudiovisuales.cl\/#\/schema\/logo\/image\/"}}]}},"_links":{"self":[{"href":"https:\/\/eventosaudiovisuales.cl\/index.php\/wp-json\/wp\/v2\/product\/358","targetHints":{"allow":["GET"]}}],"collection":[{"href":"https:\/\/eventosaudiovisuales.cl\/index.php\/wp-json\/wp\/v2\/product"}],"about":[{"href":"https:\/\/eventosaudiovisuales.cl\/index.php\/wp-json\/wp\/v2\/types\/product"}],"version-history":[{"count":2,"href":"https:\/\/eventosaudiovisuales.cl\/index.php\/wp-json\/wp\/v2\/product\/358\/revisions"}],"predecessor-version":[{"id":2979,"href":"https:\/\/eventosaudiovisuales.cl\/index.php\/wp-json\/wp\/v2\/product\/358\/revisions\/2979"}],"wp:featuredmedia":[{"embeddable":true,"href":"https:\/\/eventosaudiovisuales.cl\/index.php\/wp-json\/wp\/v2\/media\/361"}],"wp:attachment":[{"href":"https:\/\/eventosaudiovisuales.cl\/index.php\/wp-json\/wp\/v2\/media?parent=358"}],"wp:term":[{"taxonomy":"product_brand","embeddable":true,"href":"https:\/\/eventosaudiovisuales.cl\/index.php\/wp-json\/wp\/v2\/product_brand?post=358"},{"taxonomy":"product_cat","embeddable":true,"href":"https:\/\/eventosaudiovisuales.cl\/index.php\/wp-json\/wp\/v2\/product_cat?post=358"},{"taxonomy":"product_tag","embeddable":true,"href":"https:\/\/eventosaudiovisuales.cl\/index.php\/wp-json\/wp\/v2\/product_tag?post=358"}],"curies":[{"name":"wp","href":"https:\/\/api.w.org\/{rel}","templated":true}]}}