{"id":2986,"date":"2025-04-29T19:03:06","date_gmt":"2025-04-29T23:03:06","guid":{"rendered":"https:\/\/eventosaudiovisuales.cl\/?post_type=product&#038;p=2986"},"modified":"2025-04-29T19:03:06","modified_gmt":"2025-04-29T23:03:06","slug":"totem-pendon-led-1x2-mts-pitch-3-9-en-arriendo","status":"publish","type":"product","link":"https:\/\/eventosaudiovisuales.cl\/index.php\/producto\/totem-pendon-led-1x2-mts-pitch-3-9-en-arriendo\/","title":{"rendered":"Totem \/ Pendon LED 1&#215;2 Mts PITCH 3.9 en Arriendo"},"content":{"rendered":"<body><p>Ideal para Stands en Ferias y Eventos<\/p>\n<p>Proyecta la mejor imagen de tu marca con nuestros Totems Leds<\/p>\n<p>1 Metro de Ancho x 2 Metros de Alto<\/p>\n<p>Pantallas Modulares P3.9<\/p>\n<p>Indoor \/ Outdoor<\/p>\n<p>Cont\u00e1ctanos y Solicita tu cotizaci\u00f3n<\/p>\n<p><strong><span style=\"color: red;\">**Im\u00e1genes Referenciales**<\/span><\/strong><\/p>\n<\/body>","protected":false},"excerpt":{"rendered":"<p>Ideal para Stands en Ferias y Eventos Proyecta la mejor imagen de tu marca con nuestros Totems Leds 1 Metro de Ancho x 2 Metros de Alto Pantallas Modulares P3.9 Indoor \/ Outdoor Cont\u00e1ctanos y Solicita tu cotizaci\u00f3n **Im\u00e1genes Referenciales**<\/p>\n","protected":false},"featured_media":2988,"template":"","meta":{"om_disable_all_campaigns":false,"_monsterinsights_skip_tracking":false,"_monsterinsights_sitenote_active":false,"_monsterinsights_sitenote_note":"","_monsterinsights_sitenote_category":0,"_joinchat":[]},"product_brand":[],"product_cat":[28],"product_tag":[48,46,44,42,41,43,47,45],"class_list":{"0":"post-2986","1":"product","2":"type-product","3":"status-publish","4":"has-post-thumbnail","6":"product_cat-pantallas","7":"product_tag-audiovisuales","8":"product_tag-charla","9":"product_tag-conferencia","10":"product_tag-led","11":"product_tag-pantalla","12":"product_tag-pantalla-led","13":"product_tag-pantallas","14":"product_tag-taller","16":"first","17":"instock","18":"virtual","19":"taxable","20":"purchasable","21":"product-type-simple"},"yoast_head":"<!-- This site is optimized with the Yoast SEO plugin v27.4 - https:\/\/yoast.com\/product\/yoast-seo-wordpress\/ -->\n<title>Totem \/ Pendon LED 1x2 Mts PITCH 3.9 en Arriendo - Eventos Audiovisuales<\/title>\n<meta name=\"robots\" content=\"index, follow, max-snippet:-1, max-image-preview:large, max-video-preview:-1\" \/>\n<link rel=\"canonical\" href=\"https:\/\/eventosaudiovisuales.cl\/index.php\/producto\/totem-pendon-led-1x2-mts-pitch-3-9-en-arriendo\/\" \/>\n<meta property=\"og:locale\" content=\"es_ES\" \/>\n<meta property=\"og:type\" content=\"article\" \/>\n<meta property=\"og:title\" content=\"Totem \/ Pendon LED 1x2 Mts PITCH 3.9 en Arriendo - Eventos Audiovisuales\" \/>\n<meta property=\"og:description\" content=\"Ideal para Stands en Ferias y Eventos Proyecta la mejor imagen de tu marca con nuestros Totems Leds 1 Metro de Ancho x 2 Metros de Alto Pantallas Modulares P3.9 Indoor \/ Outdoor Cont\u00e1ctanos y Solicita tu cotizaci\u00f3n **Im\u00e1genes Referenciales**\" \/>\n<meta property=\"og:url\" content=\"https:\/\/eventosaudiovisuales.cl\/index.php\/producto\/totem-pendon-led-1x2-mts-pitch-3-9-en-arriendo\/\" \/>\n<meta property=\"og:site_name\" content=\"Eventos Audiovisuales\" \/>\n<meta property=\"og:image\" content=\"https:\/\/eventosaudiovisuales.cl\/wp-content\/uploads\/2025\/04\/Eventos-Audiovisuales.png\" \/>\n\t<meta property=\"og:image:width\" content=\"600\" \/>\n\t<meta property=\"og:image:height\" content=\"600\" \/>\n\t<meta property=\"og:image:type\" content=\"image\/png\" \/>\n<meta name=\"twitter:card\" content=\"summary_large_image\" \/>\n<meta name=\"twitter:label1\" content=\"Tiempo estimado de lectura\" \/>\n\t<meta name=\"twitter:data1\" content=\"1 minuto\" \/>\n<script type=\"application\/ld+json\" class=\"yoast-schema-graph\">{\"@context\":\"https:\\\/\\\/schema.org\",\"@graph\":[{\"@type\":\"WebPage\",\"@id\":\"https:\\\/\\\/eventosaudiovisuales.cl\\\/index.php\\\/producto\\\/totem-pendon-led-1x2-mts-pitch-3-9-en-arriendo\\\/\",\"url\":\"https:\\\/\\\/eventosaudiovisuales.cl\\\/index.php\\\/producto\\\/totem-pendon-led-1x2-mts-pitch-3-9-en-arriendo\\\/\",\"name\":\"Totem \\\/ Pendon LED 1x2 Mts PITCH 3.9 en Arriendo - Eventos Audiovisuales\",\"isPartOf\":{\"@id\":\"https:\\\/\\\/eventosaudiovisuales.cl\\\/#website\"},\"primaryImageOfPage\":{\"@id\":\"https:\\\/\\\/eventosaudiovisuales.cl\\\/index.php\\\/producto\\\/totem-pendon-led-1x2-mts-pitch-3-9-en-arriendo\\\/#primaryimage\"},\"image\":{\"@id\":\"https:\\\/\\\/eventosaudiovisuales.cl\\\/index.php\\\/producto\\\/totem-pendon-led-1x2-mts-pitch-3-9-en-arriendo\\\/#primaryimage\"},\"thumbnailUrl\":\"https:\\\/\\\/eventosaudiovisuales.cl\\\/wp-content\\\/uploads\\\/2025\\\/04\\\/Eventos-Audiovisuales.png\",\"datePublished\":\"2025-04-29T23:03:06+00:00\",\"breadcrumb\":{\"@id\":\"https:\\\/\\\/eventosaudiovisuales.cl\\\/index.php\\\/producto\\\/totem-pendon-led-1x2-mts-pitch-3-9-en-arriendo\\\/#breadcrumb\"},\"inLanguage\":\"es-CL\",\"potentialAction\":[{\"@type\":\"ReadAction\",\"target\":[\"https:\\\/\\\/eventosaudiovisuales.cl\\\/index.php\\\/producto\\\/totem-pendon-led-1x2-mts-pitch-3-9-en-arriendo\\\/\"]}]},{\"@type\":\"ImageObject\",\"inLanguage\":\"es-CL\",\"@id\":\"https:\\\/\\\/eventosaudiovisuales.cl\\\/index.php\\\/producto\\\/totem-pendon-led-1x2-mts-pitch-3-9-en-arriendo\\\/#primaryimage\",\"url\":\"https:\\\/\\\/eventosaudiovisuales.cl\\\/wp-content\\\/uploads\\\/2025\\\/04\\\/Eventos-Audiovisuales.png\",\"contentUrl\":\"https:\\\/\\\/eventosaudiovisuales.cl\\\/wp-content\\\/uploads\\\/2025\\\/04\\\/Eventos-Audiovisuales.png\",\"width\":600,\"height\":600},{\"@type\":\"BreadcrumbList\",\"@id\":\"https:\\\/\\\/eventosaudiovisuales.cl\\\/index.php\\\/producto\\\/totem-pendon-led-1x2-mts-pitch-3-9-en-arriendo\\\/#breadcrumb\",\"itemListElement\":[{\"@type\":\"ListItem\",\"position\":1,\"name\":\"Portada\",\"item\":\"https:\\\/\\\/eventosaudiovisuales.cl\\\/\"},{\"@type\":\"ListItem\",\"position\":2,\"name\":\"Tienda\",\"item\":\"https:\\\/\\\/eventosaudiovisuales.cl\\\/index.php\\\/tienda\\\/\"},{\"@type\":\"ListItem\",\"position\":3,\"name\":\"Totem \\\/ Pendon LED 1&#215;2 Mts PITCH 3.9 en Arriendo\"}]},{\"@type\":\"WebSite\",\"@id\":\"https:\\\/\\\/eventosaudiovisuales.cl\\\/#website\",\"url\":\"https:\\\/\\\/eventosaudiovisuales.cl\\\/\",\"name\":\"Eventos Audiovisuales\",\"description\":\"\",\"publisher\":{\"@id\":\"https:\\\/\\\/eventosaudiovisuales.cl\\\/#organization\"},\"potentialAction\":[{\"@type\":\"SearchAction\",\"target\":{\"@type\":\"EntryPoint\",\"urlTemplate\":\"https:\\\/\\\/eventosaudiovisuales.cl\\\/?s={search_term_string}\"},\"query-input\":{\"@type\":\"PropertyValueSpecification\",\"valueRequired\":true,\"valueName\":\"search_term_string\"}}],\"inLanguage\":\"es-CL\"},{\"@type\":\"Organization\",\"@id\":\"https:\\\/\\\/eventosaudiovisuales.cl\\\/#organization\",\"name\":\"Eventos Audiovisuales\",\"url\":\"https:\\\/\\\/eventosaudiovisuales.cl\\\/\",\"logo\":{\"@type\":\"ImageObject\",\"inLanguage\":\"es-CL\",\"@id\":\"https:\\\/\\\/eventosaudiovisuales.cl\\\/#\\\/schema\\\/logo\\\/image\\\/\",\"url\":\"https:\\\/\\\/eventosaudiovisuales.cl\\\/wp-content\\\/uploads\\\/2019\\\/08\\\/cropped-logonuevo.png\",\"contentUrl\":\"https:\\\/\\\/eventosaudiovisuales.cl\\\/wp-content\\\/uploads\\\/2019\\\/08\\\/cropped-logonuevo.png\",\"width\":426,\"height\":300,\"caption\":\"Eventos Audiovisuales\"},\"image\":{\"@id\":\"https:\\\/\\\/eventosaudiovisuales.cl\\\/#\\\/schema\\\/logo\\\/image\\\/\"}}]}<\/script>\n<!-- \/ Yoast SEO plugin. -->","yoast_head_json":{"title":"Totem \/ Pendon LED 1x2 Mts PITCH 3.9 en Arriendo - Eventos Audiovisuales","robots":{"index":"index","follow":"follow","max-snippet":"max-snippet:-1","max-image-preview":"max-image-preview:large","max-video-preview":"max-video-preview:-1"},"canonical":"https:\/\/eventosaudiovisuales.cl\/index.php\/producto\/totem-pendon-led-1x2-mts-pitch-3-9-en-arriendo\/","og_locale":"es_ES","og_type":"article","og_title":"Totem \/ Pendon LED 1x2 Mts PITCH 3.9 en Arriendo - Eventos Audiovisuales","og_description":"Ideal para Stands en Ferias y Eventos Proyecta la mejor imagen de tu marca con nuestros Totems Leds 1 Metro de Ancho x 2 Metros de Alto Pantallas Modulares P3.9 Indoor \/ Outdoor Cont\u00e1ctanos y Solicita tu cotizaci\u00f3n **Im\u00e1genes Referenciales**","og_url":"https:\/\/eventosaudiovisuales.cl\/index.php\/producto\/totem-pendon-led-1x2-mts-pitch-3-9-en-arriendo\/","og_site_name":"Eventos Audiovisuales","og_image":[{"width":600,"height":600,"url":"https:\/\/eventosaudiovisuales.cl\/wp-content\/uploads\/2025\/04\/Eventos-Audiovisuales.png","type":"image\/png"}],"twitter_card":"summary_large_image","twitter_misc":{"Tiempo estimado de lectura":"1 minuto"},"schema":{"@context":"https:\/\/schema.org","@graph":[{"@type":"WebPage","@id":"https:\/\/eventosaudiovisuales.cl\/index.php\/producto\/totem-pendon-led-1x2-mts-pitch-3-9-en-arriendo\/","url":"https:\/\/eventosaudiovisuales.cl\/index.php\/producto\/totem-pendon-led-1x2-mts-pitch-3-9-en-arriendo\/","name":"Totem \/ Pendon LED 1x2 Mts PITCH 3.9 en Arriendo - Eventos Audiovisuales","isPartOf":{"@id":"https:\/\/eventosaudiovisuales.cl\/#website"},"primaryImageOfPage":{"@id":"https:\/\/eventosaudiovisuales.cl\/index.php\/producto\/totem-pendon-led-1x2-mts-pitch-3-9-en-arriendo\/#primaryimage"},"image":{"@id":"https:\/\/eventosaudiovisuales.cl\/index.php\/producto\/totem-pendon-led-1x2-mts-pitch-3-9-en-arriendo\/#primaryimage"},"thumbnailUrl":"https:\/\/eventosaudiovisuales.cl\/wp-content\/uploads\/2025\/04\/Eventos-Audiovisuales.png","datePublished":"2025-04-29T23:03:06+00:00","breadcrumb":{"@id":"https:\/\/eventosaudiovisuales.cl\/index.php\/producto\/totem-pendon-led-1x2-mts-pitch-3-9-en-arriendo\/#breadcrumb"},"inLanguage":"es-CL","potentialAction":[{"@type":"ReadAction","target":["https:\/\/eventosaudiovisuales.cl\/index.php\/producto\/totem-pendon-led-1x2-mts-pitch-3-9-en-arriendo\/"]}]},{"@type":"ImageObject","inLanguage":"es-CL","@id":"https:\/\/eventosaudiovisuales.cl\/index.php\/producto\/totem-pendon-led-1x2-mts-pitch-3-9-en-arriendo\/#primaryimage","url":"https:\/\/eventosaudiovisuales.cl\/wp-content\/uploads\/2025\/04\/Eventos-Audiovisuales.png","contentUrl":"https:\/\/eventosaudiovisuales.cl\/wp-content\/uploads\/2025\/04\/Eventos-Audiovisuales.png","width":600,"height":600},{"@type":"BreadcrumbList","@id":"https:\/\/eventosaudiovisuales.cl\/index.php\/producto\/totem-pendon-led-1x2-mts-pitch-3-9-en-arriendo\/#breadcrumb","itemListElement":[{"@type":"ListItem","position":1,"name":"Portada","item":"https:\/\/eventosaudiovisuales.cl\/"},{"@type":"ListItem","position":2,"name":"Tienda","item":"https:\/\/eventosaudiovisuales.cl\/index.php\/tienda\/"},{"@type":"ListItem","position":3,"name":"Totem \/ Pendon LED 1&#215;2 Mts PITCH 3.9 en Arriendo"}]},{"@type":"WebSite","@id":"https:\/\/eventosaudiovisuales.cl\/#website","url":"https:\/\/eventosaudiovisuales.cl\/","name":"Eventos Audiovisuales","description":"","publisher":{"@id":"https:\/\/eventosaudiovisuales.cl\/#organization"},"potentialAction":[{"@type":"SearchAction","target":{"@type":"EntryPoint","urlTemplate":"https:\/\/eventosaudiovisuales.cl\/?s={search_term_string}"},"query-input":{"@type":"PropertyValueSpecification","valueRequired":true,"valueName":"search_term_string"}}],"inLanguage":"es-CL"},{"@type":"Organization","@id":"https:\/\/eventosaudiovisuales.cl\/#organization","name":"Eventos Audiovisuales","url":"https:\/\/eventosaudiovisuales.cl\/","logo":{"@type":"ImageObject","inLanguage":"es-CL","@id":"https:\/\/eventosaudiovisuales.cl\/#\/schema\/logo\/image\/","url":"https:\/\/eventosaudiovisuales.cl\/wp-content\/uploads\/2019\/08\/cropped-logonuevo.png","contentUrl":"https:\/\/eventosaudiovisuales.cl\/wp-content\/uploads\/2019\/08\/cropped-logonuevo.png","width":426,"height":300,"caption":"Eventos Audiovisuales"},"image":{"@id":"https:\/\/eventosaudiovisuales.cl\/#\/schema\/logo\/image\/"}}]}},"_links":{"self":[{"href":"https:\/\/eventosaudiovisuales.cl\/index.php\/wp-json\/wp\/v2\/product\/2986","targetHints":{"allow":["GET"]}}],"collection":[{"href":"https:\/\/eventosaudiovisuales.cl\/index.php\/wp-json\/wp\/v2\/product"}],"about":[{"href":"https:\/\/eventosaudiovisuales.cl\/index.php\/wp-json\/wp\/v2\/types\/product"}],"version-history":[{"count":1,"href":"https:\/\/eventosaudiovisuales.cl\/index.php\/wp-json\/wp\/v2\/product\/2986\/revisions"}],"predecessor-version":[{"id":2989,"href":"https:\/\/eventosaudiovisuales.cl\/index.php\/wp-json\/wp\/v2\/product\/2986\/revisions\/2989"}],"wp:featuredmedia":[{"embeddable":true,"href":"https:\/\/eventosaudiovisuales.cl\/index.php\/wp-json\/wp\/v2\/media\/2988"}],"wp:attachment":[{"href":"https:\/\/eventosaudiovisuales.cl\/index.php\/wp-json\/wp\/v2\/media?parent=2986"}],"wp:term":[{"taxonomy":"product_brand","embeddable":true,"href":"https:\/\/eventosaudiovisuales.cl\/index.php\/wp-json\/wp\/v2\/product_brand?post=2986"},{"taxonomy":"product_cat","embeddable":true,"href":"https:\/\/eventosaudiovisuales.cl\/index.php\/wp-json\/wp\/v2\/product_cat?post=2986"},{"taxonomy":"product_tag","embeddable":true,"href":"https:\/\/eventosaudiovisuales.cl\/index.php\/wp-json\/wp\/v2\/product_tag?post=2986"}],"curies":[{"name":"wp","href":"https:\/\/api.w.org\/{rel}","templated":true}]}}