{"id":123,"date":"2019-08-16T12:28:47","date_gmt":"2019-08-16T16:28:47","guid":{"rendered":"https:\/\/eventosaudiovisuales.cl\/?post_type=product&#038;p=123"},"modified":"2025-04-29T19:01:57","modified_gmt":"2025-04-29T23:01:57","slug":"pantalla-led-3x2-p2-y-p3-en-arriendo","status":"publish","type":"product","link":"https:\/\/eventosaudiovisuales.cl\/index.php\/producto\/pantalla-led-3x2-p2-y-p3-en-arriendo\/","title":{"rendered":"Pantalla LED 3&#215;2 PITCH 3.9 en Arriendo"},"content":{"rendered":"<body><p>Pantallas Modulares P3.9<br>\nIndoor \/ Outdoor<br>\nValores desde 350.000 + IVA<br>\nCont\u00e1ctanos y Solicita tu cotizaci\u00f3n<br>\n<strong><span style=\"color: red;\">**Im\u00e1genes Referenciales**<\/span><\/strong><\/p>\n<\/body>","protected":false},"excerpt":{"rendered":"<p>Pantallas Modulares P3.9 Indoor \/ Outdoor Valores desde 350.000 + IVA Cont\u00e1ctanos y Solicita tu cotizaci\u00f3n **Im\u00e1genes Referenciales**<\/p>\n","protected":false},"featured_media":124,"template":"","meta":{"om_disable_all_campaigns":false,"_monsterinsights_skip_tracking":false,"_monsterinsights_sitenote_active":false,"_monsterinsights_sitenote_note":"","_monsterinsights_sitenote_category":0,"_joinchat":[]},"product_brand":[],"product_cat":[28],"product_tag":[48,46,44,42,41,43,47,45],"class_list":{"0":"post-123","1":"product","2":"type-product","3":"status-publish","4":"has-post-thumbnail","6":"product_cat-pantallas","7":"product_tag-audiovisuales","8":"product_tag-charla","9":"product_tag-conferencia","10":"product_tag-led","11":"product_tag-pantalla","12":"product_tag-pantalla-led","13":"product_tag-pantallas","14":"product_tag-taller","16":"first","17":"instock","18":"virtual","19":"taxable","20":"purchasable","21":"product-type-simple"},"yoast_head":"<!-- This site is optimized with the Yoast SEO plugin v27.4 - https:\/\/yoast.com\/product\/yoast-seo-wordpress\/ -->\n<title>Pantalla LED 3x2 PITCH 3.9 en Arriendo - Eventos Audiovisuales<\/title>\n<meta name=\"robots\" content=\"index, follow, max-snippet:-1, max-image-preview:large, max-video-preview:-1\" \/>\n<link rel=\"canonical\" href=\"https:\/\/eventosaudiovisuales.cl\/index.php\/producto\/pantalla-led-3x2-p2-y-p3-en-arriendo\/\" \/>\n<meta property=\"og:locale\" content=\"es_ES\" \/>\n<meta property=\"og:type\" content=\"article\" \/>\n<meta property=\"og:title\" content=\"Pantalla LED 3x2 PITCH 3.9 en Arriendo - Eventos Audiovisuales\" \/>\n<meta property=\"og:description\" content=\"Pantallas Modulares P3.9 Indoor \/ Outdoor Valores desde 350.000 + IVA Cont\u00e1ctanos y Solicita tu cotizaci\u00f3n **Im\u00e1genes Referenciales**\" \/>\n<meta property=\"og:url\" content=\"https:\/\/eventosaudiovisuales.cl\/index.php\/producto\/pantalla-led-3x2-p2-y-p3-en-arriendo\/\" \/>\n<meta property=\"og:site_name\" content=\"Eventos Audiovisuales\" \/>\n<meta property=\"article:modified_time\" content=\"2025-04-29T23:01:57+00:00\" \/>\n<meta property=\"og:image\" content=\"https:\/\/eventosaudiovisuales.cl\/wp-content\/uploads\/2019\/08\/pantallaled3x2.jpg\" \/>\n\t<meta property=\"og:image:width\" content=\"400\" \/>\n\t<meta property=\"og:image:height\" content=\"400\" \/>\n\t<meta property=\"og:image:type\" content=\"image\/jpeg\" \/>\n<meta name=\"twitter:card\" content=\"summary_large_image\" \/>\n<meta name=\"twitter:label1\" content=\"Tiempo estimado de lectura\" \/>\n\t<meta name=\"twitter:data1\" content=\"1 minuto\" \/>\n<script type=\"application\/ld+json\" class=\"yoast-schema-graph\">{\"@context\":\"https:\\\/\\\/schema.org\",\"@graph\":[{\"@type\":\"WebPage\",\"@id\":\"https:\\\/\\\/eventosaudiovisuales.cl\\\/index.php\\\/producto\\\/pantalla-led-3x2-p2-y-p3-en-arriendo\\\/\",\"url\":\"https:\\\/\\\/eventosaudiovisuales.cl\\\/index.php\\\/producto\\\/pantalla-led-3x2-p2-y-p3-en-arriendo\\\/\",\"name\":\"Pantalla LED 3x2 PITCH 3.9 en Arriendo - Eventos Audiovisuales\",\"isPartOf\":{\"@id\":\"https:\\\/\\\/eventosaudiovisuales.cl\\\/#website\"},\"primaryImageOfPage\":{\"@id\":\"https:\\\/\\\/eventosaudiovisuales.cl\\\/index.php\\\/producto\\\/pantalla-led-3x2-p2-y-p3-en-arriendo\\\/#primaryimage\"},\"image\":{\"@id\":\"https:\\\/\\\/eventosaudiovisuales.cl\\\/index.php\\\/producto\\\/pantalla-led-3x2-p2-y-p3-en-arriendo\\\/#primaryimage\"},\"thumbnailUrl\":\"https:\\\/\\\/eventosaudiovisuales.cl\\\/wp-content\\\/uploads\\\/2019\\\/08\\\/pantallaled3x2.jpg\",\"datePublished\":\"2019-08-16T16:28:47+00:00\",\"dateModified\":\"2025-04-29T23:01:57+00:00\",\"breadcrumb\":{\"@id\":\"https:\\\/\\\/eventosaudiovisuales.cl\\\/index.php\\\/producto\\\/pantalla-led-3x2-p2-y-p3-en-arriendo\\\/#breadcrumb\"},\"inLanguage\":\"es-CL\",\"potentialAction\":[{\"@type\":\"ReadAction\",\"target\":[\"https:\\\/\\\/eventosaudiovisuales.cl\\\/index.php\\\/producto\\\/pantalla-led-3x2-p2-y-p3-en-arriendo\\\/\"]}]},{\"@type\":\"ImageObject\",\"inLanguage\":\"es-CL\",\"@id\":\"https:\\\/\\\/eventosaudiovisuales.cl\\\/index.php\\\/producto\\\/pantalla-led-3x2-p2-y-p3-en-arriendo\\\/#primaryimage\",\"url\":\"https:\\\/\\\/eventosaudiovisuales.cl\\\/wp-content\\\/uploads\\\/2019\\\/08\\\/pantallaled3x2.jpg\",\"contentUrl\":\"https:\\\/\\\/eventosaudiovisuales.cl\\\/wp-content\\\/uploads\\\/2019\\\/08\\\/pantallaled3x2.jpg\",\"width\":400,\"height\":400},{\"@type\":\"BreadcrumbList\",\"@id\":\"https:\\\/\\\/eventosaudiovisuales.cl\\\/index.php\\\/producto\\\/pantalla-led-3x2-p2-y-p3-en-arriendo\\\/#breadcrumb\",\"itemListElement\":[{\"@type\":\"ListItem\",\"position\":1,\"name\":\"Portada\",\"item\":\"https:\\\/\\\/eventosaudiovisuales.cl\\\/\"},{\"@type\":\"ListItem\",\"position\":2,\"name\":\"Tienda\",\"item\":\"https:\\\/\\\/eventosaudiovisuales.cl\\\/index.php\\\/tienda\\\/\"},{\"@type\":\"ListItem\",\"position\":3,\"name\":\"Pantalla LED 3&#215;2 PITCH 3.9 en Arriendo\"}]},{\"@type\":\"WebSite\",\"@id\":\"https:\\\/\\\/eventosaudiovisuales.cl\\\/#website\",\"url\":\"https:\\\/\\\/eventosaudiovisuales.cl\\\/\",\"name\":\"Eventos Audiovisuales\",\"description\":\"\",\"publisher\":{\"@id\":\"https:\\\/\\\/eventosaudiovisuales.cl\\\/#organization\"},\"potentialAction\":[{\"@type\":\"SearchAction\",\"target\":{\"@type\":\"EntryPoint\",\"urlTemplate\":\"https:\\\/\\\/eventosaudiovisuales.cl\\\/?s={search_term_string}\"},\"query-input\":{\"@type\":\"PropertyValueSpecification\",\"valueRequired\":true,\"valueName\":\"search_term_string\"}}],\"inLanguage\":\"es-CL\"},{\"@type\":\"Organization\",\"@id\":\"https:\\\/\\\/eventosaudiovisuales.cl\\\/#organization\",\"name\":\"Eventos Audiovisuales\",\"url\":\"https:\\\/\\\/eventosaudiovisuales.cl\\\/\",\"logo\":{\"@type\":\"ImageObject\",\"inLanguage\":\"es-CL\",\"@id\":\"https:\\\/\\\/eventosaudiovisuales.cl\\\/#\\\/schema\\\/logo\\\/image\\\/\",\"url\":\"https:\\\/\\\/eventosaudiovisuales.cl\\\/wp-content\\\/uploads\\\/2019\\\/08\\\/cropped-logonuevo.png\",\"contentUrl\":\"https:\\\/\\\/eventosaudiovisuales.cl\\\/wp-content\\\/uploads\\\/2019\\\/08\\\/cropped-logonuevo.png\",\"width\":426,\"height\":300,\"caption\":\"Eventos Audiovisuales\"},\"image\":{\"@id\":\"https:\\\/\\\/eventosaudiovisuales.cl\\\/#\\\/schema\\\/logo\\\/image\\\/\"}}]}<\/script>\n<!-- \/ Yoast SEO plugin. -->","yoast_head_json":{"title":"Pantalla LED 3x2 PITCH 3.9 en Arriendo - Eventos Audiovisuales","robots":{"index":"index","follow":"follow","max-snippet":"max-snippet:-1","max-image-preview":"max-image-preview:large","max-video-preview":"max-video-preview:-1"},"canonical":"https:\/\/eventosaudiovisuales.cl\/index.php\/producto\/pantalla-led-3x2-p2-y-p3-en-arriendo\/","og_locale":"es_ES","og_type":"article","og_title":"Pantalla LED 3x2 PITCH 3.9 en Arriendo - Eventos Audiovisuales","og_description":"Pantallas Modulares P3.9 Indoor \/ Outdoor Valores desde 350.000 + IVA Cont\u00e1ctanos y Solicita tu cotizaci\u00f3n **Im\u00e1genes Referenciales**","og_url":"https:\/\/eventosaudiovisuales.cl\/index.php\/producto\/pantalla-led-3x2-p2-y-p3-en-arriendo\/","og_site_name":"Eventos Audiovisuales","article_modified_time":"2025-04-29T23:01:57+00:00","og_image":[{"width":400,"height":400,"url":"https:\/\/eventosaudiovisuales.cl\/wp-content\/uploads\/2019\/08\/pantallaled3x2.jpg","type":"image\/jpeg"}],"twitter_card":"summary_large_image","twitter_misc":{"Tiempo estimado de lectura":"1 minuto"},"schema":{"@context":"https:\/\/schema.org","@graph":[{"@type":"WebPage","@id":"https:\/\/eventosaudiovisuales.cl\/index.php\/producto\/pantalla-led-3x2-p2-y-p3-en-arriendo\/","url":"https:\/\/eventosaudiovisuales.cl\/index.php\/producto\/pantalla-led-3x2-p2-y-p3-en-arriendo\/","name":"Pantalla LED 3x2 PITCH 3.9 en Arriendo - Eventos Audiovisuales","isPartOf":{"@id":"https:\/\/eventosaudiovisuales.cl\/#website"},"primaryImageOfPage":{"@id":"https:\/\/eventosaudiovisuales.cl\/index.php\/producto\/pantalla-led-3x2-p2-y-p3-en-arriendo\/#primaryimage"},"image":{"@id":"https:\/\/eventosaudiovisuales.cl\/index.php\/producto\/pantalla-led-3x2-p2-y-p3-en-arriendo\/#primaryimage"},"thumbnailUrl":"https:\/\/eventosaudiovisuales.cl\/wp-content\/uploads\/2019\/08\/pantallaled3x2.jpg","datePublished":"2019-08-16T16:28:47+00:00","dateModified":"2025-04-29T23:01:57+00:00","breadcrumb":{"@id":"https:\/\/eventosaudiovisuales.cl\/index.php\/producto\/pantalla-led-3x2-p2-y-p3-en-arriendo\/#breadcrumb"},"inLanguage":"es-CL","potentialAction":[{"@type":"ReadAction","target":["https:\/\/eventosaudiovisuales.cl\/index.php\/producto\/pantalla-led-3x2-p2-y-p3-en-arriendo\/"]}]},{"@type":"ImageObject","inLanguage":"es-CL","@id":"https:\/\/eventosaudiovisuales.cl\/index.php\/producto\/pantalla-led-3x2-p2-y-p3-en-arriendo\/#primaryimage","url":"https:\/\/eventosaudiovisuales.cl\/wp-content\/uploads\/2019\/08\/pantallaled3x2.jpg","contentUrl":"https:\/\/eventosaudiovisuales.cl\/wp-content\/uploads\/2019\/08\/pantallaled3x2.jpg","width":400,"height":400},{"@type":"BreadcrumbList","@id":"https:\/\/eventosaudiovisuales.cl\/index.php\/producto\/pantalla-led-3x2-p2-y-p3-en-arriendo\/#breadcrumb","itemListElement":[{"@type":"ListItem","position":1,"name":"Portada","item":"https:\/\/eventosaudiovisuales.cl\/"},{"@type":"ListItem","position":2,"name":"Tienda","item":"https:\/\/eventosaudiovisuales.cl\/index.php\/tienda\/"},{"@type":"ListItem","position":3,"name":"Pantalla LED 3&#215;2 PITCH 3.9 en Arriendo"}]},{"@type":"WebSite","@id":"https:\/\/eventosaudiovisuales.cl\/#website","url":"https:\/\/eventosaudiovisuales.cl\/","name":"Eventos Audiovisuales","description":"","publisher":{"@id":"https:\/\/eventosaudiovisuales.cl\/#organization"},"potentialAction":[{"@type":"SearchAction","target":{"@type":"EntryPoint","urlTemplate":"https:\/\/eventosaudiovisuales.cl\/?s={search_term_string}"},"query-input":{"@type":"PropertyValueSpecification","valueRequired":true,"valueName":"search_term_string"}}],"inLanguage":"es-CL"},{"@type":"Organization","@id":"https:\/\/eventosaudiovisuales.cl\/#organization","name":"Eventos Audiovisuales","url":"https:\/\/eventosaudiovisuales.cl\/","logo":{"@type":"ImageObject","inLanguage":"es-CL","@id":"https:\/\/eventosaudiovisuales.cl\/#\/schema\/logo\/image\/","url":"https:\/\/eventosaudiovisuales.cl\/wp-content\/uploads\/2019\/08\/cropped-logonuevo.png","contentUrl":"https:\/\/eventosaudiovisuales.cl\/wp-content\/uploads\/2019\/08\/cropped-logonuevo.png","width":426,"height":300,"caption":"Eventos Audiovisuales"},"image":{"@id":"https:\/\/eventosaudiovisuales.cl\/#\/schema\/logo\/image\/"}}]}},"_links":{"self":[{"href":"https:\/\/eventosaudiovisuales.cl\/index.php\/wp-json\/wp\/v2\/product\/123","targetHints":{"allow":["GET"]}}],"collection":[{"href":"https:\/\/eventosaudiovisuales.cl\/index.php\/wp-json\/wp\/v2\/product"}],"about":[{"href":"https:\/\/eventosaudiovisuales.cl\/index.php\/wp-json\/wp\/v2\/types\/product"}],"version-history":[{"count":3,"href":"https:\/\/eventosaudiovisuales.cl\/index.php\/wp-json\/wp\/v2\/product\/123\/revisions"}],"predecessor-version":[{"id":2987,"href":"https:\/\/eventosaudiovisuales.cl\/index.php\/wp-json\/wp\/v2\/product\/123\/revisions\/2987"}],"wp:featuredmedia":[{"embeddable":true,"href":"https:\/\/eventosaudiovisuales.cl\/index.php\/wp-json\/wp\/v2\/media\/124"}],"wp:attachment":[{"href":"https:\/\/eventosaudiovisuales.cl\/index.php\/wp-json\/wp\/v2\/media?parent=123"}],"wp:term":[{"taxonomy":"product_brand","embeddable":true,"href":"https:\/\/eventosaudiovisuales.cl\/index.php\/wp-json\/wp\/v2\/product_brand?post=123"},{"taxonomy":"product_cat","embeddable":true,"href":"https:\/\/eventosaudiovisuales.cl\/index.php\/wp-json\/wp\/v2\/product_cat?post=123"},{"taxonomy":"product_tag","embeddable":true,"href":"https:\/\/eventosaudiovisuales.cl\/index.php\/wp-json\/wp\/v2\/product_tag?post=123"}],"curies":[{"name":"wp","href":"https:\/\/api.w.org\/{rel}","templated":true}]}}